{"id":2943,"date":"2025-11-13T13:00:03","date_gmt":"2025-11-13T13:00:03","guid":{"rendered":"https:\/\/solsius.fr\/?page_id=2943"},"modified":"2025-12-03T19:12:06","modified_gmt":"2025-12-03T19:12:06","slug":"return-policy","status":"publish","type":"page","link":"https:\/\/solsius.fr\/en\/return-policy\/","title":{"rendered":"Return policy"},"content":{"rendered":"<div data-elementor-type=\"wp-page\" data-elementor-id=\"2943\" class=\"elementor elementor-2943\" data-elementor-post-type=\"page\">\n\t\t\t\t<div class=\"elementor-element elementor-element-c49520f e-flex e-con-boxed e-con e-parent\" data-id=\"c49520f\" data-element_type=\"container\" data-e-type=\"container\">\n\t\t\t\t\t<div class=\"e-con-inner\">\n\t\t\t\t<div class=\"elementor-element elementor-element-4441b06 elementor-widget elementor-widget-text-editor\" data-id=\"4441b06\" data-element_type=\"widget\" data-e-type=\"widget\" data-widget_type=\"text-editor.default\">\n\t\t\t\t<div class=\"elementor-widget-container\">\n\t\t\t\t\t\t\t\t\t<div><h1>Return policy<\/h1><div>\u00a0<\/div><h2>Right of Withdrawal<\/h2><p>In accordance with Articles L.221-18 et seq. of the French Consumer Code, you have a period of 14 days from the receipt of your order to exercise your right of withdrawal without having to provide any reason or pay any penalties.<\/p><p><span style=\"color: inherit; font-family: inherit; font-size: 2rem;\">How to Exercise Your Right of Withdrawal<\/span><\/p><p>To return a product, please contact us at the following address:<\/p><p>Email : <a href=\"mailto:contact@solsius.fr\">contact@solsius.fr<\/a><\/p><p>Return address: SOLSIUS, 5 rue des Tours, 59800 LILLE, FRANCE<\/p><p>You may also use the withdrawal form available below or send us a written statement clearly expressing your decision to withdraw.<\/p><h2><span style=\"color: inherit; font-family: inherit; font-size: 2rem;\">Return Conditions<\/span><\/h2><p>Returned products must be:<\/p><ul><li>In their original packaging<\/li><li>In perfect condition, unused and undamaged<\/li><li>Accompanied by all accessories, manuals, and documents<\/li><\/ul><div>\u00a0<\/div><h2><span style=\"color: inherit; font-family: inherit; font-size: 2rem;\">Return Shipping Costs<\/span><\/h2><p>Return shipping costs are at the customer\u2019s expense, except in cases of defective products or an error on our part.<\/p><p><span style=\"color: inherit; font-family: inherit; font-size: 2rem;\">Refund<\/span><\/p><p>Once your return has been received and verified, we will issue a refund within a maximum of 14 days following receipt of the returned product.<\/p><p>The refund will be made using the same payment method used for your purchase, unless otherwise agreed.<\/p><h2><span style=\"color: inherit; font-family: inherit; font-size: 2rem;\">Exceptions<\/span><\/h2><p>The right of withdrawal does not apply to products that are:<\/p><ul><li>Custom-made or personalized<\/li><li>Likely to deteriorate or expire quickly<\/li><li>Unsealed after delivery and therefore unsuitable for return for reasons of hygiene or health protection<\/li><\/ul><\/div><p>\u00a0<\/p><p>\u00a0<\/p><p><strong><span style=\"text-decoration: underline;\"><em>VERSION 1.0 - NOVEMBER 2025<\/em><\/span><\/strong><\/p>\t\t\t\t\t\t\t\t<\/div>\n\t\t\t\t<\/div>\n\t\t\t\t\t<\/div>\n\t\t\t\t<\/div>\n\t\t\t\t<\/div>","protected":false},"excerpt":{"rendered":"<p>Politique de retour \u00a0 Droit de r\u00e9tractation Conform\u00e9ment aux articles L.221-18 et suivants du Code de la consommation, vous disposez d&rsquo;un d\u00e9lai de 14 jours \u00e0 compter de la r\u00e9ception de votre commande pour exercer votre droit de r\u00e9tractation sans avoir \u00e0 justifier de motifs ni \u00e0 payer de p\u00e9nalit\u00e9s. Comment exercer votre droit de [&hellip;]<\/p>\n","protected":false},"author":1,"featured_media":0,"parent":0,"menu_order":0,"comment_status":"closed","ping_status":"closed","template":"","meta":{"_acf_changed":false,"footnotes":""},"class_list":["post-2943","page","type-page","status-publish","hentry"],"acf":[],"yoast_head":"<!-- This site is optimized with the Yoast SEO plugin v27.1.1 - https:\/\/yoast.com\/product\/yoast-seo-wordpress\/ -->\n<title>Politique de retour - Solsius<\/title>\n<meta name=\"robots\" content=\"index, follow, max-snippet:-1, max-image-preview:large, max-video-preview:-1\" \/>\n<link rel=\"canonical\" href=\"https:\/\/solsius.fr\/en\/return-policy\/\" \/>\n<meta property=\"og:locale\" content=\"en_GB\" \/>\n<meta property=\"og:type\" content=\"article\" \/>\n<meta property=\"og:title\" content=\"Politique de retour - Solsius\" \/>\n<meta property=\"og:description\" content=\"Politique de retour \u00a0 Droit de r\u00e9tractation Conform\u00e9ment aux articles L.221-18 et suivants du Code de la consommation, vous disposez d&rsquo;un d\u00e9lai de 14 jours \u00e0 compter de la r\u00e9ception de votre commande pour exercer votre droit de r\u00e9tractation sans avoir \u00e0 justifier de motifs ni \u00e0 payer de p\u00e9nalit\u00e9s. Comment exercer votre droit de [&hellip;]\" \/>\n<meta property=\"og:url\" content=\"https:\/\/solsius.fr\/en\/return-policy\/\" \/>\n<meta property=\"og:site_name\" content=\"Solsius\" \/>\n<meta property=\"article:modified_time\" content=\"2025-12-03T19:12:06+00:00\" \/>\n<meta property=\"og:image\" content=\"https:\/\/solsius.fr\/wp-content\/uploads\/2025\/02\/Image.png\" \/>\n\t<meta property=\"og:image:width\" content=\"438\" \/>\n\t<meta property=\"og:image:height\" content=\"142\" \/>\n\t<meta property=\"og:image:type\" content=\"image\/png\" \/>\n<meta name=\"twitter:card\" content=\"summary_large_image\" \/>\n<meta name=\"twitter:label1\" content=\"Estimated reading time\" \/>\n\t<meta name=\"twitter:data1\" content=\"2 minutes\" \/>\n<script type=\"application\/ld+json\" class=\"yoast-schema-graph\">{\"@context\":\"https:\/\/schema.org\",\"@graph\":[{\"@type\":\"WebPage\",\"@id\":\"https:\/\/solsius.fr\/politique-de-retour\/\",\"url\":\"https:\/\/solsius.fr\/politique-de-retour\/\",\"name\":\"Politique de retour - Solsius\",\"isPartOf\":{\"@id\":\"https:\/\/solsius.fr\/#website\"},\"datePublished\":\"2025-11-13T13:00:03+00:00\",\"dateModified\":\"2025-12-03T19:12:06+00:00\",\"breadcrumb\":{\"@id\":\"https:\/\/solsius.fr\/politique-de-retour\/#breadcrumb\"},\"inLanguage\":\"en-GB\",\"potentialAction\":[{\"@type\":\"ReadAction\",\"target\":[\"https:\/\/solsius.fr\/politique-de-retour\/\"]}]},{\"@type\":\"BreadcrumbList\",\"@id\":\"https:\/\/solsius.fr\/politique-de-retour\/#breadcrumb\",\"itemListElement\":[{\"@type\":\"ListItem\",\"position\":1,\"name\":\"Home\",\"item\":\"https:\/\/solsius.fr\/\"},{\"@type\":\"ListItem\",\"position\":2,\"name\":\"Politique de retour\"}]},{\"@type\":\"WebSite\",\"@id\":\"https:\/\/solsius.fr\/#website\",\"url\":\"https:\/\/solsius.fr\/\",\"name\":\"Solsius\",\"description\":\"Solsius\",\"publisher\":{\"@id\":\"https:\/\/solsius.fr\/#organization\"},\"potentialAction\":[{\"@type\":\"SearchAction\",\"target\":{\"@type\":\"EntryPoint\",\"urlTemplate\":\"https:\/\/solsius.fr\/?s={search_term_string}\"},\"query-input\":{\"@type\":\"PropertyValueSpecification\",\"valueRequired\":true,\"valueName\":\"search_term_string\"}}],\"inLanguage\":\"en-GB\"},{\"@type\":\"Organization\",\"@id\":\"https:\/\/solsius.fr\/#organization\",\"name\":\"Solsius\",\"url\":\"https:\/\/solsius.fr\/\",\"logo\":{\"@type\":\"ImageObject\",\"inLanguage\":\"en-GB\",\"@id\":\"https:\/\/solsius.fr\/#\/schema\/logo\/image\/\",\"url\":\"https:\/\/solsius.fr\/wp-content\/uploads\/2025\/02\/Image.png\",\"contentUrl\":\"https:\/\/solsius.fr\/wp-content\/uploads\/2025\/02\/Image.png\",\"width\":438,\"height\":142,\"caption\":\"Solsius\"},\"image\":{\"@id\":\"https:\/\/solsius.fr\/#\/schema\/logo\/image\/\"},\"sameAs\":[\"http:\/\/www.linkedin.com\/company\/solsius\"]}]}<\/script>\n<!-- \/ Yoast SEO plugin. -->","yoast_head_json":{"title":"Return policy - Solsius","robots":{"index":"index","follow":"follow","max-snippet":"max-snippet:-1","max-image-preview":"max-image-preview:large","max-video-preview":"max-video-preview:-1"},"canonical":"https:\/\/solsius.fr\/en\/return-policy\/","og_locale":"en_GB","og_type":"article","og_title":"Politique de retour - Solsius","og_description":"Politique de retour \u00a0 Droit de r\u00e9tractation Conform\u00e9ment aux articles L.221-18 et suivants du Code de la consommation, vous disposez d&rsquo;un d\u00e9lai de 14 jours \u00e0 compter de la r\u00e9ception de votre commande pour exercer votre droit de r\u00e9tractation sans avoir \u00e0 justifier de motifs ni \u00e0 payer de p\u00e9nalit\u00e9s. Comment exercer votre droit de [&hellip;]","og_url":"https:\/\/solsius.fr\/en\/return-policy\/","og_site_name":"Solsius","article_modified_time":"2025-12-03T19:12:06+00:00","og_image":[{"width":438,"height":142,"url":"https:\/\/solsius.fr\/wp-content\/uploads\/2025\/02\/Image.png","type":"image\/png"}],"twitter_card":"summary_large_image","twitter_misc":{"Estimated reading time":"2 minutes"},"schema":{"@context":"https:\/\/schema.org","@graph":[{"@type":"WebPage","@id":"https:\/\/solsius.fr\/politique-de-retour\/","url":"https:\/\/solsius.fr\/politique-de-retour\/","name":"Return policy - Solsius","isPartOf":{"@id":"https:\/\/solsius.fr\/#website"},"datePublished":"2025-11-13T13:00:03+00:00","dateModified":"2025-12-03T19:12:06+00:00","breadcrumb":{"@id":"https:\/\/solsius.fr\/politique-de-retour\/#breadcrumb"},"inLanguage":"en-GB","potentialAction":[{"@type":"ReadAction","target":["https:\/\/solsius.fr\/politique-de-retour\/"]}]},{"@type":"BreadcrumbList","@id":"https:\/\/solsius.fr\/politique-de-retour\/#breadcrumb","itemListElement":[{"@type":"ListItem","position":1,"name":"Home","item":"https:\/\/solsius.fr\/"},{"@type":"ListItem","position":2,"name":"Politique de retour"}]},{"@type":"WebSite","@id":"https:\/\/solsius.fr\/#website","url":"https:\/\/solsius.fr\/","name":"Solsius","description":"Solsius","publisher":{"@id":"https:\/\/solsius.fr\/#organization"},"potentialAction":[{"@type":"SearchAction","target":{"@type":"EntryPoint","urlTemplate":"https:\/\/solsius.fr\/?s={search_term_string}"},"query-input":{"@type":"PropertyValueSpecification","valueRequired":true,"valueName":"search_term_string"}}],"inLanguage":"en-GB"},{"@type":"Organization","@id":"https:\/\/solsius.fr\/#organization","name":"Solsius","url":"https:\/\/solsius.fr\/","logo":{"@type":"ImageObject","inLanguage":"en-GB","@id":"https:\/\/solsius.fr\/#\/schema\/logo\/image\/","url":"https:\/\/solsius.fr\/wp-content\/uploads\/2025\/02\/Image.png","contentUrl":"https:\/\/solsius.fr\/wp-content\/uploads\/2025\/02\/Image.png","width":438,"height":142,"caption":"Solsius"},"image":{"@id":"https:\/\/solsius.fr\/#\/schema\/logo\/image\/"},"sameAs":["http:\/\/www.linkedin.com\/company\/solsius"]}]}},"_links":{"self":[{"href":"https:\/\/solsius.fr\/en\/wp-json\/wp\/v2\/pages\/2943","targetHints":{"allow":["GET"]}}],"collection":[{"href":"https:\/\/solsius.fr\/en\/wp-json\/wp\/v2\/pages"}],"about":[{"href":"https:\/\/solsius.fr\/en\/wp-json\/wp\/v2\/types\/page"}],"author":[{"embeddable":true,"href":"https:\/\/solsius.fr\/en\/wp-json\/wp\/v2\/users\/1"}],"replies":[{"embeddable":true,"href":"https:\/\/solsius.fr\/en\/wp-json\/wp\/v2\/comments?post=2943"}],"version-history":[{"count":19,"href":"https:\/\/solsius.fr\/en\/wp-json\/wp\/v2\/pages\/2943\/revisions"}],"predecessor-version":[{"id":3341,"href":"https:\/\/solsius.fr\/en\/wp-json\/wp\/v2\/pages\/2943\/revisions\/3341"}],"wp:attachment":[{"href":"https:\/\/solsius.fr\/en\/wp-json\/wp\/v2\/media?parent=2943"}],"curies":[{"name":"wp","href":"https:\/\/api.w.org\/{rel}","templated":true}]}}