{"id":2936,"date":"2025-11-13T12:53:15","date_gmt":"2025-11-13T12:53:15","guid":{"rendered":"https:\/\/solsius.fr\/?page_id=2936"},"modified":"2025-11-13T18:34:48","modified_gmt":"2025-11-13T18:34:48","slug":"legal-information","status":"publish","type":"page","link":"https:\/\/solsius.fr\/en\/legal-information\/","title":{"rendered":"Legal notices"},"content":{"rendered":"<div data-elementor-type=\"wp-page\" data-elementor-id=\"2936\" class=\"elementor elementor-2936\" data-elementor-post-type=\"page\">\n\t\t\t\t<div class=\"elementor-element elementor-element-e113ec8 e-flex e-con-boxed e-con e-parent\" data-id=\"e113ec8\" data-element_type=\"container\" data-e-type=\"container\">\n\t\t\t\t\t<div class=\"e-con-inner\">\n\t\t\t\t<div class=\"elementor-element elementor-element-a6151d0 elementor-widget elementor-widget-text-editor\" data-id=\"a6151d0\" data-element_type=\"widget\" data-e-type=\"widget\" data-widget_type=\"text-editor.default\">\n\t\t\t\t<div class=\"elementor-widget-container\">\n\t\t\t\t\t\t\t\t\t<h1>Legal notices<\/h1><h2>1. Website Publisher<\/h2><p>The website www.solsius.fr is published by Solsius SAS, with a share capital of \u20ac1,497.00, located at 12 bis rue des Tours, 59800 Lille, France, and registered with the Lille M\u00e9tropole Trade and Companies Register under number 980 709 810.<\/p><p><span style=\"font-size: 15px;\"><strong>SIREN :<\/strong> 980709810<\/span><\/p><p><span style=\"font-size: 15px;\"><strong>SIRET :<\/strong> 98070981000025<\/span><\/p><p><span style=\"font-size: 15px;\">The intra-community VAT number of Solsius SAS is FR35 980 709 810.<\/span><\/p><p><strong>Director of publication :<\/strong> Rodolphe Renault, Managing Director, <a href=\"mailto:rodolphe.renault@solsius.fr\">rodolphe.renault@solsius.fr<\/a><\/p><p><strong>Contact email:<\/strong> <a href=\"mailto:contact@solsius.fr\">contact@solsius.fr<\/a><\/p><h2>2. Website Hosting<\/h2><p>The website www.solsius.fr is hosted by OVHcloud, whose headquarters are located at 2 Rue Kellermann, 59100 Roubaix, France.<\/p><p>Contact number: +33 9 72 10 10 07<\/p><p>Website: <a href=\"https:\/\/www.ovhcloud.com\/fr\/\" target=\"_blank\" rel=\"noopener\">https:\/\/www.ovhcloud.com\/fr\/<\/a><\/p><p>Company registered under VAT code: FR 22 424 761 419<\/p><h2>3. Intellectual Property<\/h2><p>All content available on the Solsius website (texts, images, graphics, logos, videos, etc.) is protected by intellectual property law and remains the exclusive property of Solsius, unless otherwise stated.<\/p><p>Any reproduction, modification, distribution, or exploitation, in whole or in part, without prior written authorization, is strictly prohibited and may result in legal proceedings in accordance with Articles L.335-2 and following of the French Intellectual Property Code.<\/p><h2>4. Cookies<\/h2><p>The Solsius website uses cookies to enhance the user experience and to measure audience statistics. These cookies may be technical, analytical, or advertising-related.<\/p><h2>5. Protection of Personal Data<\/h2><p>In accordance with the French Data Protection Act of January 6, 1978, and the General Data Protection Regulation (GDPR), Solsius is committed to protecting the confidentiality of personal information collected through its website.<\/p><p>The data collected is used exclusively to ensure the proper functioning of our services and to enhance your user experience. Under no circumstances will it be sold, transferred, or used for advertising purposes.<\/p><p style=\"margin-top: 40px; font-size: 0.9em; color: #7f8c8d; text-align: center;\">VERSION 1.1 - NOVEMBER 2025<\/p>\t\t\t\t\t\t\t\t<\/div>\n\t\t\t\t<\/div>\n\t\t\t\t\t<\/div>\n\t\t\t\t<\/div>\n\t\t\t\t<\/div>","protected":false},"excerpt":{"rendered":"<p>Mentions l\u00e9gales 1. Editeur du site web Le site web www.solsius.fr est \u00e9dit\u00e9 par la soci\u00e9t\u00e9 Solsius SAS, au capital de 1 497,00 \u20ac, est situ\u00e9e au 12 bis rue des Tours, 59800 Lille, France, et immatricul\u00e9e au Registre du Commerce et des Soci\u00e9t\u00e9s de Lille M\u00e9tropole sous le num\u00e9ro 980 709 810. SIREN : [&hellip;]<\/p>\n","protected":false},"author":1,"featured_media":0,"parent":0,"menu_order":0,"comment_status":"closed","ping_status":"closed","template":"","meta":{"_acf_changed":false,"footnotes":""},"class_list":["post-2936","page","type-page","status-publish","hentry"],"acf":[],"yoast_head":"<!-- This site is optimized with the Yoast SEO plugin v27.1.1 - https:\/\/yoast.com\/product\/yoast-seo-wordpress\/ -->\n<title>Mentions l\u00e9gales - Solsius<\/title>\n<meta name=\"robots\" content=\"index, follow, max-snippet:-1, max-image-preview:large, max-video-preview:-1\" \/>\n<link rel=\"canonical\" href=\"https:\/\/solsius.fr\/en\/legal-information\/\" \/>\n<meta property=\"og:locale\" content=\"en_GB\" \/>\n<meta property=\"og:type\" content=\"article\" \/>\n<meta property=\"og:title\" content=\"Mentions l\u00e9gales - Solsius\" \/>\n<meta property=\"og:description\" content=\"Mentions l\u00e9gales 1. Editeur du site web Le site web www.solsius.fr est \u00e9dit\u00e9 par la soci\u00e9t\u00e9 Solsius SAS, au capital de 1 497,00 \u20ac, est situ\u00e9e au 12 bis rue des Tours, 59800 Lille, France, et immatricul\u00e9e au Registre du Commerce et des Soci\u00e9t\u00e9s de Lille M\u00e9tropole sous le num\u00e9ro 980 709 810. SIREN : [&hellip;]\" \/>\n<meta property=\"og:url\" content=\"https:\/\/solsius.fr\/en\/legal-information\/\" \/>\n<meta property=\"og:site_name\" content=\"Solsius\" \/>\n<meta property=\"article:modified_time\" content=\"2025-11-13T18:34:48+00:00\" \/>\n<meta property=\"og:image\" content=\"https:\/\/solsius.fr\/wp-content\/uploads\/2025\/02\/Image.png\" \/>\n\t<meta property=\"og:image:width\" content=\"438\" \/>\n\t<meta property=\"og:image:height\" content=\"142\" \/>\n\t<meta property=\"og:image:type\" content=\"image\/png\" \/>\n<meta name=\"twitter:card\" content=\"summary_large_image\" \/>\n<meta name=\"twitter:label1\" content=\"Estimated reading time\" \/>\n\t<meta name=\"twitter:data1\" content=\"2 minutes\" \/>\n<script type=\"application\/ld+json\" class=\"yoast-schema-graph\">{\"@context\":\"https:\/\/schema.org\",\"@graph\":[{\"@type\":\"WebPage\",\"@id\":\"https:\/\/solsius.fr\/mentions-legales\/\",\"url\":\"https:\/\/solsius.fr\/mentions-legales\/\",\"name\":\"Mentions l\u00e9gales - Solsius\",\"isPartOf\":{\"@id\":\"https:\/\/solsius.fr\/#website\"},\"datePublished\":\"2025-11-13T12:53:15+00:00\",\"dateModified\":\"2025-11-13T18:34:48+00:00\",\"breadcrumb\":{\"@id\":\"https:\/\/solsius.fr\/mentions-legales\/#breadcrumb\"},\"inLanguage\":\"en-GB\",\"potentialAction\":[{\"@type\":\"ReadAction\",\"target\":[\"https:\/\/solsius.fr\/mentions-legales\/\"]}]},{\"@type\":\"BreadcrumbList\",\"@id\":\"https:\/\/solsius.fr\/mentions-legales\/#breadcrumb\",\"itemListElement\":[{\"@type\":\"ListItem\",\"position\":1,\"name\":\"Home\",\"item\":\"https:\/\/solsius.fr\/\"},{\"@type\":\"ListItem\",\"position\":2,\"name\":\"Mentions l\u00e9gales\"}]},{\"@type\":\"WebSite\",\"@id\":\"https:\/\/solsius.fr\/#website\",\"url\":\"https:\/\/solsius.fr\/\",\"name\":\"Solsius\",\"description\":\"Solsius\",\"publisher\":{\"@id\":\"https:\/\/solsius.fr\/#organization\"},\"potentialAction\":[{\"@type\":\"SearchAction\",\"target\":{\"@type\":\"EntryPoint\",\"urlTemplate\":\"https:\/\/solsius.fr\/?s={search_term_string}\"},\"query-input\":{\"@type\":\"PropertyValueSpecification\",\"valueRequired\":true,\"valueName\":\"search_term_string\"}}],\"inLanguage\":\"en-GB\"},{\"@type\":\"Organization\",\"@id\":\"https:\/\/solsius.fr\/#organization\",\"name\":\"Solsius\",\"url\":\"https:\/\/solsius.fr\/\",\"logo\":{\"@type\":\"ImageObject\",\"inLanguage\":\"en-GB\",\"@id\":\"https:\/\/solsius.fr\/#\/schema\/logo\/image\/\",\"url\":\"https:\/\/solsius.fr\/wp-content\/uploads\/2025\/02\/Image.png\",\"contentUrl\":\"https:\/\/solsius.fr\/wp-content\/uploads\/2025\/02\/Image.png\",\"width\":438,\"height\":142,\"caption\":\"Solsius\"},\"image\":{\"@id\":\"https:\/\/solsius.fr\/#\/schema\/logo\/image\/\"},\"sameAs\":[\"http:\/\/www.linkedin.com\/company\/solsius\"]}]}<\/script>\n<!-- \/ Yoast SEO plugin. -->","yoast_head_json":{"title":"Legal information - Solsius","robots":{"index":"index","follow":"follow","max-snippet":"max-snippet:-1","max-image-preview":"max-image-preview:large","max-video-preview":"max-video-preview:-1"},"canonical":"https:\/\/solsius.fr\/en\/legal-information\/","og_locale":"en_GB","og_type":"article","og_title":"Mentions l\u00e9gales - Solsius","og_description":"Mentions l\u00e9gales 1. Editeur du site web Le site web www.solsius.fr est \u00e9dit\u00e9 par la soci\u00e9t\u00e9 Solsius SAS, au capital de 1 497,00 \u20ac, est situ\u00e9e au 12 bis rue des Tours, 59800 Lille, France, et immatricul\u00e9e au Registre du Commerce et des Soci\u00e9t\u00e9s de Lille M\u00e9tropole sous le num\u00e9ro 980 709 810. SIREN : [&hellip;]","og_url":"https:\/\/solsius.fr\/en\/legal-information\/","og_site_name":"Solsius","article_modified_time":"2025-11-13T18:34:48+00:00","og_image":[{"width":438,"height":142,"url":"https:\/\/solsius.fr\/wp-content\/uploads\/2025\/02\/Image.png","type":"image\/png"}],"twitter_card":"summary_large_image","twitter_misc":{"Estimated reading time":"2 minutes"},"schema":{"@context":"https:\/\/schema.org","@graph":[{"@type":"WebPage","@id":"https:\/\/solsius.fr\/mentions-legales\/","url":"https:\/\/solsius.fr\/mentions-legales\/","name":"Legal information - Solsius","isPartOf":{"@id":"https:\/\/solsius.fr\/#website"},"datePublished":"2025-11-13T12:53:15+00:00","dateModified":"2025-11-13T18:34:48+00:00","breadcrumb":{"@id":"https:\/\/solsius.fr\/mentions-legales\/#breadcrumb"},"inLanguage":"en-GB","potentialAction":[{"@type":"ReadAction","target":["https:\/\/solsius.fr\/mentions-legales\/"]}]},{"@type":"BreadcrumbList","@id":"https:\/\/solsius.fr\/mentions-legales\/#breadcrumb","itemListElement":[{"@type":"ListItem","position":1,"name":"Home","item":"https:\/\/solsius.fr\/"},{"@type":"ListItem","position":2,"name":"Mentions l\u00e9gales"}]},{"@type":"WebSite","@id":"https:\/\/solsius.fr\/#website","url":"https:\/\/solsius.fr\/","name":"Solsius","description":"Solsius","publisher":{"@id":"https:\/\/solsius.fr\/#organization"},"potentialAction":[{"@type":"SearchAction","target":{"@type":"EntryPoint","urlTemplate":"https:\/\/solsius.fr\/?s={search_term_string}"},"query-input":{"@type":"PropertyValueSpecification","valueRequired":true,"valueName":"search_term_string"}}],"inLanguage":"en-GB"},{"@type":"Organization","@id":"https:\/\/solsius.fr\/#organization","name":"Solsius","url":"https:\/\/solsius.fr\/","logo":{"@type":"ImageObject","inLanguage":"en-GB","@id":"https:\/\/solsius.fr\/#\/schema\/logo\/image\/","url":"https:\/\/solsius.fr\/wp-content\/uploads\/2025\/02\/Image.png","contentUrl":"https:\/\/solsius.fr\/wp-content\/uploads\/2025\/02\/Image.png","width":438,"height":142,"caption":"Solsius"},"image":{"@id":"https:\/\/solsius.fr\/#\/schema\/logo\/image\/"},"sameAs":["http:\/\/www.linkedin.com\/company\/solsius"]}]}},"_links":{"self":[{"href":"https:\/\/solsius.fr\/en\/wp-json\/wp\/v2\/pages\/2936","targetHints":{"allow":["GET"]}}],"collection":[{"href":"https:\/\/solsius.fr\/en\/wp-json\/wp\/v2\/pages"}],"about":[{"href":"https:\/\/solsius.fr\/en\/wp-json\/wp\/v2\/types\/page"}],"author":[{"embeddable":true,"href":"https:\/\/solsius.fr\/en\/wp-json\/wp\/v2\/users\/1"}],"replies":[{"embeddable":true,"href":"https:\/\/solsius.fr\/en\/wp-json\/wp\/v2\/comments?post=2936"}],"version-history":[{"count":28,"href":"https:\/\/solsius.fr\/en\/wp-json\/wp\/v2\/pages\/2936\/revisions"}],"predecessor-version":[{"id":3019,"href":"https:\/\/solsius.fr\/en\/wp-json\/wp\/v2\/pages\/2936\/revisions\/3019"}],"wp:attachment":[{"href":"https:\/\/solsius.fr\/en\/wp-json\/wp\/v2\/media?parent=2936"}],"curies":[{"name":"wp","href":"https:\/\/api.w.org\/{rel}","templated":true}]}}