{"id":2943,"date":"2025-11-13T13:00:03","date_gmt":"2025-11-13T13:00:03","guid":{"rendered":"https:\/\/solsius.fr\/?page_id=2943"},"modified":"2025-12-03T19:12:06","modified_gmt":"2025-12-03T19:12:06","slug":"ruckgabepolitik","status":"publish","type":"page","link":"https:\/\/solsius.fr\/de\/ruckgabepolitik\/","title":{"rendered":"R\u00fcckgabebestimmungen"},"content":{"rendered":"<div data-elementor-type=\"wp-page\" data-elementor-id=\"2943\" class=\"elementor elementor-2943\" data-elementor-post-type=\"page\">\n\t\t\t\t<div class=\"elementor-element elementor-element-c49520f e-flex e-con-boxed e-con e-parent\" data-id=\"c49520f\" data-element_type=\"container\" data-e-type=\"container\">\n\t\t\t\t\t<div class=\"e-con-inner\">\n\t\t\t\t<div class=\"elementor-element elementor-element-4441b06 elementor-widget elementor-widget-text-editor\" data-id=\"4441b06\" data-element_type=\"widget\" data-e-type=\"widget\" data-widget_type=\"text-editor.default\">\n\t\t\t\t<div class=\"elementor-widget-container\">\n\t\t\t\t\t\t\t\t\t<div><h1>R\u00fcckgabebestimmungen<\/h1><div>\u00a0<\/div><h2>Widerrufsrecht<\/h2><p>Gem\u00e4\u00df den Artikeln L.221-18 ff. des franz\u00f6sischen Verbraucherschutzgesetzes haben Sie das Recht, Ihre Bestellung innerhalb von 14 Tagen nach Erhalt ohne Angabe von Gr\u00fcnden und ohne Zahlung von Strafen zu widerrufen.<\/p><p><span style=\"color: inherit; font-family: inherit; font-size: 2rem;\">Aus\u00fcbung des Widerrufsrechts<\/span><\/p><p>Um ein Produkt zur\u00fcckzusenden, kontaktieren Sie uns bitte unter folgender Adresse:<\/p><p>E-Mail: <a href=\"mailto:contact@solsius.fr\">contact@solsius.fr<\/a><\/p><p>Absenderadresse: SOLSIUS, 5 rue des Tours, 59800 LILLE, FRANKREICH<\/p><p>Sie k\u00f6nnen auch das unten verf\u00fcgbare Widerrufsformular verwenden oder uns eine eindeutige Erkl\u00e4rung zukommen lassen, in der Sie Ihren Entschluss zum Widerruf mitteilen.<\/p><h2><span style=\"color: inherit; font-family: inherit; font-size: 2rem;\">R\u00fcckgabebedingungen<\/span><\/h2><p>Zur\u00fcckgesandte Produkte m\u00fcssen:<\/p><ul><li>In der Originalverpackung sein<\/li><li>In einwandfreiem Zustand, unbenutzt und unbesch\u00e4digt sein<\/li><li>Mit s\u00e4mtlichem Zubeh\u00f6r, Anleitungen und Dokumenten zur\u00fcckgesendet werden<\/li><\/ul><div>\u00a0<\/div><h2><span style=\"color: inherit; font-family: inherit; font-size: 2rem;\">R\u00fccksendekosten<\/span><\/h2><p>Die R\u00fccksendekosten gehen zu Lasten des Kunden, au\u00dfer im Falle eines fehlerhaften Produkts oder eines Fehlers unsererseits.<\/p><p><span style=\"color: inherit; font-family: inherit; font-size: 2rem;\">R\u00fcckerstattung<\/span><\/p><p>Sobald Ihre R\u00fccksendung eingegangen und \u00fcberpr\u00fcft wurde, erfolgt die R\u00fcckerstattung innerhalb von maximal 14 Tagen nach Erhalt des zur\u00fcckgesandten Produkts.<\/p><p>Die R\u00fcckerstattung erfolgt \u00fcber dasselbe Zahlungsmittel, das Sie beim Kauf verwendet haben, sofern nichts anderes vereinbart wurde.<\/p><h2><span style=\"color: inherit; font-family: inherit; font-size: 2rem;\">Ausnahmen<\/span><\/h2><p>Das Widerrufsrecht gilt nicht f\u00fcr Produkte, die:<\/p><ul><li>Ma\u00dfgefertigt oder personalisiert sind<\/li><li>Schnell verderben oder verfallen k\u00f6nnen<\/li><li>Nach der Lieferung entsiegelt wurden und aus Hygiene- oder Gesundheitsschutzgr\u00fcnden nicht zur\u00fcckgesendet werden k\u00f6nnen<\/li><\/ul><\/div><p>\u00a0<\/p><p>\u00a0<\/p><p><strong><span style=\"text-decoration: underline;\"><em>VERSION 1.0 - NOVEMBER 2025<\/em><\/span><\/strong><\/p>\t\t\t\t\t\t\t\t<\/div>\n\t\t\t\t<\/div>\n\t\t\t\t\t<\/div>\n\t\t\t\t<\/div>\n\t\t\t\t<\/div>","protected":false},"excerpt":{"rendered":"<p>Politique de retour \u00a0 Droit de r\u00e9tractation Conform\u00e9ment aux articles L.221-18 et suivants du Code de la consommation, vous disposez d&rsquo;un d\u00e9lai de 14 jours \u00e0 compter de la r\u00e9ception de votre commande pour exercer votre droit de r\u00e9tractation sans avoir \u00e0 justifier de motifs ni \u00e0 payer de p\u00e9nalit\u00e9s. Comment exercer votre droit de [&hellip;]<\/p>\n","protected":false},"author":1,"featured_media":0,"parent":0,"menu_order":0,"comment_status":"closed","ping_status":"closed","template":"","meta":{"_acf_changed":false,"footnotes":""},"class_list":["post-2943","page","type-page","status-publish","hentry"],"acf":[],"yoast_head":"<!-- This site is optimized with the Yoast SEO plugin v27.1.1 - https:\/\/yoast.com\/product\/yoast-seo-wordpress\/ -->\n<title>Politique de retour - Solsius<\/title>\n<meta name=\"robots\" content=\"index, follow, max-snippet:-1, max-image-preview:large, max-video-preview:-1\" \/>\n<link rel=\"canonical\" href=\"https:\/\/solsius.fr\/de\/ruckgabepolitik\/\" \/>\n<meta property=\"og:locale\" content=\"de_DE\" \/>\n<meta property=\"og:type\" content=\"article\" \/>\n<meta property=\"og:title\" content=\"Politique de retour - Solsius\" \/>\n<meta property=\"og:description\" content=\"Politique de retour \u00a0 Droit de r\u00e9tractation Conform\u00e9ment aux articles L.221-18 et suivants du Code de la consommation, vous disposez d&rsquo;un d\u00e9lai de 14 jours \u00e0 compter de la r\u00e9ception de votre commande pour exercer votre droit de r\u00e9tractation sans avoir \u00e0 justifier de motifs ni \u00e0 payer de p\u00e9nalit\u00e9s. Comment exercer votre droit de [&hellip;]\" \/>\n<meta property=\"og:url\" content=\"https:\/\/solsius.fr\/de\/ruckgabepolitik\/\" \/>\n<meta property=\"og:site_name\" content=\"Solsius\" \/>\n<meta property=\"article:modified_time\" content=\"2025-12-03T19:12:06+00:00\" \/>\n<meta property=\"og:image\" content=\"https:\/\/solsius.fr\/wp-content\/uploads\/2025\/02\/Image.png\" \/>\n\t<meta property=\"og:image:width\" content=\"438\" \/>\n\t<meta property=\"og:image:height\" content=\"142\" \/>\n\t<meta property=\"og:image:type\" content=\"image\/png\" \/>\n<meta name=\"twitter:card\" content=\"summary_large_image\" \/>\n<meta name=\"twitter:label1\" content=\"Gesch\u00e4tzte Lesezeit\" \/>\n\t<meta name=\"twitter:data1\" content=\"2\u00a0Minuten\" \/>\n<script type=\"application\/ld+json\" class=\"yoast-schema-graph\">{\"@context\":\"https:\/\/schema.org\",\"@graph\":[{\"@type\":\"WebPage\",\"@id\":\"https:\/\/solsius.fr\/politique-de-retour\/\",\"url\":\"https:\/\/solsius.fr\/politique-de-retour\/\",\"name\":\"Politique de retour - Solsius\",\"isPartOf\":{\"@id\":\"https:\/\/solsius.fr\/#website\"},\"datePublished\":\"2025-11-13T13:00:03+00:00\",\"dateModified\":\"2025-12-03T19:12:06+00:00\",\"breadcrumb\":{\"@id\":\"https:\/\/solsius.fr\/politique-de-retour\/#breadcrumb\"},\"inLanguage\":\"de\",\"potentialAction\":[{\"@type\":\"ReadAction\",\"target\":[\"https:\/\/solsius.fr\/politique-de-retour\/\"]}]},{\"@type\":\"BreadcrumbList\",\"@id\":\"https:\/\/solsius.fr\/politique-de-retour\/#breadcrumb\",\"itemListElement\":[{\"@type\":\"ListItem\",\"position\":1,\"name\":\"Home\",\"item\":\"https:\/\/solsius.fr\/\"},{\"@type\":\"ListItem\",\"position\":2,\"name\":\"Politique de retour\"}]},{\"@type\":\"WebSite\",\"@id\":\"https:\/\/solsius.fr\/#website\",\"url\":\"https:\/\/solsius.fr\/\",\"name\":\"Solsius\",\"description\":\"Solsius\",\"publisher\":{\"@id\":\"https:\/\/solsius.fr\/#organization\"},\"potentialAction\":[{\"@type\":\"SearchAction\",\"target\":{\"@type\":\"EntryPoint\",\"urlTemplate\":\"https:\/\/solsius.fr\/?s={search_term_string}\"},\"query-input\":{\"@type\":\"PropertyValueSpecification\",\"valueRequired\":true,\"valueName\":\"search_term_string\"}}],\"inLanguage\":\"de\"},{\"@type\":\"Organization\",\"@id\":\"https:\/\/solsius.fr\/#organization\",\"name\":\"Solsius\",\"url\":\"https:\/\/solsius.fr\/\",\"logo\":{\"@type\":\"ImageObject\",\"inLanguage\":\"de\",\"@id\":\"https:\/\/solsius.fr\/#\/schema\/logo\/image\/\",\"url\":\"https:\/\/solsius.fr\/wp-content\/uploads\/2025\/02\/Image.png\",\"contentUrl\":\"https:\/\/solsius.fr\/wp-content\/uploads\/2025\/02\/Image.png\",\"width\":438,\"height\":142,\"caption\":\"Solsius\"},\"image\":{\"@id\":\"https:\/\/solsius.fr\/#\/schema\/logo\/image\/\"},\"sameAs\":[\"http:\/\/www.linkedin.com\/company\/solsius\"]}]}<\/script>\n<!-- \/ Yoast SEO plugin. -->","yoast_head_json":{"title":"R\u00fcckgaberecht - Solsius","robots":{"index":"index","follow":"follow","max-snippet":"max-snippet:-1","max-image-preview":"max-image-preview:large","max-video-preview":"max-video-preview:-1"},"canonical":"https:\/\/solsius.fr\/de\/ruckgabepolitik\/","og_locale":"de_DE","og_type":"article","og_title":"Politique de retour - Solsius","og_description":"Politique de retour \u00a0 Droit de r\u00e9tractation Conform\u00e9ment aux articles L.221-18 et suivants du Code de la consommation, vous disposez d&rsquo;un d\u00e9lai de 14 jours \u00e0 compter de la r\u00e9ception de votre commande pour exercer votre droit de r\u00e9tractation sans avoir \u00e0 justifier de motifs ni \u00e0 payer de p\u00e9nalit\u00e9s. Comment exercer votre droit de [&hellip;]","og_url":"https:\/\/solsius.fr\/de\/ruckgabepolitik\/","og_site_name":"Solsius","article_modified_time":"2025-12-03T19:12:06+00:00","og_image":[{"width":438,"height":142,"url":"https:\/\/solsius.fr\/wp-content\/uploads\/2025\/02\/Image.png","type":"image\/png"}],"twitter_card":"summary_large_image","twitter_misc":{"Gesch\u00e4tzte Lesezeit":"2\u00a0Minuten"},"schema":{"@context":"https:\/\/schema.org","@graph":[{"@type":"WebPage","@id":"https:\/\/solsius.fr\/politique-de-retour\/","url":"https:\/\/solsius.fr\/politique-de-retour\/","name":"R\u00fcckgaberecht - Solsius","isPartOf":{"@id":"https:\/\/solsius.fr\/#website"},"datePublished":"2025-11-13T13:00:03+00:00","dateModified":"2025-12-03T19:12:06+00:00","breadcrumb":{"@id":"https:\/\/solsius.fr\/politique-de-retour\/#breadcrumb"},"inLanguage":"de","potentialAction":[{"@type":"ReadAction","target":["https:\/\/solsius.fr\/politique-de-retour\/"]}]},{"@type":"BreadcrumbList","@id":"https:\/\/solsius.fr\/politique-de-retour\/#breadcrumb","itemListElement":[{"@type":"ListItem","position":1,"name":"Home","item":"https:\/\/solsius.fr\/"},{"@type":"ListItem","position":2,"name":"Politique de retour"}]},{"@type":"WebSite","@id":"https:\/\/solsius.fr\/#website","url":"https:\/\/solsius.fr\/","name":"Solsius","description":"Solsius","publisher":{"@id":"https:\/\/solsius.fr\/#organization"},"potentialAction":[{"@type":"SearchAction","target":{"@type":"EntryPoint","urlTemplate":"https:\/\/solsius.fr\/?s={search_term_string}"},"query-input":{"@type":"PropertyValueSpecification","valueRequired":true,"valueName":"search_term_string"}}],"inLanguage":"de"},{"@type":"Organization","@id":"https:\/\/solsius.fr\/#organization","name":"Solsius","url":"https:\/\/solsius.fr\/","logo":{"@type":"ImageObject","inLanguage":"de","@id":"https:\/\/solsius.fr\/#\/schema\/logo\/image\/","url":"https:\/\/solsius.fr\/wp-content\/uploads\/2025\/02\/Image.png","contentUrl":"https:\/\/solsius.fr\/wp-content\/uploads\/2025\/02\/Image.png","width":438,"height":142,"caption":"Solsius"},"image":{"@id":"https:\/\/solsius.fr\/#\/schema\/logo\/image\/"},"sameAs":["http:\/\/www.linkedin.com\/company\/solsius"]}]}},"_links":{"self":[{"href":"https:\/\/solsius.fr\/de\/wp-json\/wp\/v2\/pages\/2943","targetHints":{"allow":["GET"]}}],"collection":[{"href":"https:\/\/solsius.fr\/de\/wp-json\/wp\/v2\/pages"}],"about":[{"href":"https:\/\/solsius.fr\/de\/wp-json\/wp\/v2\/types\/page"}],"author":[{"embeddable":true,"href":"https:\/\/solsius.fr\/de\/wp-json\/wp\/v2\/users\/1"}],"replies":[{"embeddable":true,"href":"https:\/\/solsius.fr\/de\/wp-json\/wp\/v2\/comments?post=2943"}],"version-history":[{"count":19,"href":"https:\/\/solsius.fr\/de\/wp-json\/wp\/v2\/pages\/2943\/revisions"}],"predecessor-version":[{"id":3341,"href":"https:\/\/solsius.fr\/de\/wp-json\/wp\/v2\/pages\/2943\/revisions\/3341"}],"wp:attachment":[{"href":"https:\/\/solsius.fr\/de\/wp-json\/wp\/v2\/media?parent=2943"}],"curies":[{"name":"wp","href":"https:\/\/api.w.org\/{rel}","templated":true}]}}