{"id":1831,"date":"2025-09-19T13:31:23","date_gmt":"2025-09-19T13:31:23","guid":{"rendered":"https:\/\/solsius.fr\/?page_id=1831"},"modified":"2026-03-21T22:28:09","modified_gmt":"2026-03-21T22:28:09","slug":"login","status":"publish","type":"page","link":"https:\/\/solsius.fr\/de\/login\/","title":{"rendered":"LOGIN"},"content":{"rendered":"<div data-elementor-type=\"wp-page\" data-elementor-id=\"1831\" class=\"elementor elementor-1831\" data-elementor-post-type=\"page\">\n\t\t\t\t<div class=\"elementor-element elementor-element-ff098f6 e-flex e-con-boxed e-con e-parent\" data-id=\"ff098f6\" data-element_type=\"container\" data-e-type=\"container\">\n\t\t\t\t\t<div class=\"e-con-inner\">\n\t\t<div class=\"elementor-element elementor-element-ab5514a e-con-full e-flex e-con e-child\" data-id=\"ab5514a\" data-element_type=\"container\" data-e-type=\"container\">\n\t\t<div class=\"elementor-element elementor-element-5979c1f e-con-full e-flex e-con e-child\" data-id=\"5979c1f\" data-element_type=\"container\" data-e-type=\"container\" data-settings=\"{&quot;background_background&quot;:&quot;classic&quot;}\">\n\t\t\t\t<div class=\"elementor-element elementor-element-12ebbdc elementor-widget elementor-widget-heading\" data-id=\"12ebbdc\" data-element_type=\"widget\" data-e-type=\"widget\" data-widget_type=\"heading.default\">\n\t\t\t\t<div class=\"elementor-widget-container\">\n\t\t\t\t\t<h1 class=\"elementor-heading-title elementor-size-default\">Mein Konto<\/h1>\t\t\t\t<\/div>\n\t\t\t\t<\/div>\n\t\t\t\t<div class=\"elementor-element elementor-element-7cc7ee8 elementor-widget elementor-widget-html\" data-id=\"7cc7ee8\" data-element_type=\"widget\" data-e-type=\"widget\" data-widget_type=\"html.default\">\n\t\t\t\t<div class=\"elementor-widget-container\">\n\t\t\t\t\t<style>\n\/* Navigation de base *\/\n.woocommerce-MyAccount-navigation ul {\n  padding: 0;\n  margin: 0;\n  list-style: none;\n}\n\n.woocommerce-MyAccount-navigation-link {\n}\n\n.woocommerce-MyAccount-navigation-link:last-child {\n  border-bottom: 1px solid #ddd;\n}\n\n.woocommerce-MyAccount-navigation-link a {\n  display: block;\n  padding: 1rem;\n  text-decoration: none;\n  color: #333;\n  background-color: #fff;\n  transition: background-color 0.3s;\n}\n\n.woocommerce-MyAccount-navigation-link a:hover {\n  background-color: #f5f5f5;\n}\n\n.woocommerce-MyAccount-navigation-link.is-active a {\n  background-color: #0073aa;\n  color: #fff;\n  font-weight: bold;\n}\n\n\/* Contenu cach\u00e9 par d\u00e9faut sur mobile *\/\n.woocommerce-MyAccount-content {\n  display: none;\n  padding: 1.5rem;\n  background-color: ;\n  border: 0px solid #ddd;\n  margin-top: 0px;\n}\n\n\/* Afficher le contenu apr\u00e8s le lien actif *\/\n.woocommerce-MyAccount-navigation-link.is-active ~ .temp-spacer {\n  display: block;\n}\n\n\/* Desktop - Layout classique *\/\n\n<\/style>\n\n\n<script>\n  document.addEventListener('DOMContentLoaded', function() {\n  \/\/ D\u00e9placer le contenu apr\u00e8s le lien actif sur mobile\n  function repositionContent() {\n    if (window.innerWidth <= 768) {\n      const activeLink = document.querySelector('.woocommerce-MyAccount-navigation-link.is-active');\n      const content = document.querySelector('.woocommerce-MyAccount-content');\n      \n      if (activeLink && content) {\n        \/\/ Afficher le contenu\n        content.style.display = 'block';\n        \n        \/\/ Ins\u00e9rer apr\u00e8s le lien actif\n        activeLink.parentNode.insertBefore(content, activeLink.nextSibling);\n      }\n    } else {\n      \/\/ Desktop : remettre \u00e0 sa place d'origine\n      const woocommerce = document.querySelector('.woocommerce');\n      const content = document.querySelector('.woocommerce-MyAccount-content');\n      \n      if (woocommerce && content) {\n        content.style.display = 'block';\n        woocommerce.appendChild(content);\n      }\n    }\n  }\n  \n  \/\/ Ex\u00e9cuter au chargement\n  repositionContent();\n  \n  \/\/ Ex\u00e9cuter au redimensionnement\n  window.addEventListener('resize', repositionContent);\n});\n<\/script>\t\t\t\t<\/div>\n\t\t\t\t<\/div>\n\t\t\t\t<div class=\"elementor-element elementor-element-f971a81 elementor-widget elementor-widget-html\" data-id=\"f971a81\" data-element_type=\"widget\" data-e-type=\"widget\" data-widget_type=\"html.default\">\n\t\t\t\t<div class=\"elementor-widget-container\">\n\t\t\t\t\t<link rel=\"stylesheet\" href=\"https:\/\/cdnjs.cloudflare.com\/ajax\/libs\/font-awesome\/6.0.0\/css\/all.min.css\" \/>\n\n\n<script>\nif (\n    \/\/ Condition 1 : Est-ce le chemin en fran\u00e7ais OU en allemand ?\n    (\n        window.location.pathname.includes(\"\/lost-password\/\") \n        || \n        window.location.pathname.includes(\"\/verlorenes-passwort\/\")\n    )\n    \/\/ Op\u00e9rateur ET pour combiner avec la Condition 2\n    &&\n    \/\/ Condition 2 : Le param\u00e8tre de succ\u00e8s est-il pr\u00e9sent ?\n    window.location.search.includes(\"reset-link-sent=true\")\n) {\n    document.body.classList.add('is-lost-password-page');\n}\n<\/script>\n\n<style>\n    .is-lost-password-page .woocommerce-message {\n    display: none;\n}\n.is-lost-password-page .woocommerce p {\n    min-height: 1px;\n    background-size: 56px;\n    background-position: 50% 0;\n    background-color: transparent;\n    color: #353030 !important;\n    font-size: 14px;\n    text-align: center;\n    padding-top: 70px;\n    margin: 0 auto;\n    margin-bottom: 0px;\n    border: solid #022493 1px;\n    border-radius: 20px;\n    padding: 20px;\n    font-family: Nunito;\n}\n.is-lost-password-page .woocommerce p::before {\n    font-family: \"Font Awesome 6 Free\";\n    content: \"\\f058\";\n    font-weight: 900;\n    margin-right: 8px;\n    color: #09b29c;\n    display: table;\n    margin: 0 auto;\n    font-size: 50px;\n}\n<\/style>\t\t\t\t<\/div>\n\t\t\t\t<\/div>\n\t\t\t\t<div class=\"elementor-element elementor-element-2d76665 e-my-account-tabs-vertical elementor-widget elementor-widget-woocommerce-my-account\" data-id=\"2d76665\" data-element_type=\"widget\" data-e-type=\"widget\" data-widget_type=\"woocommerce-my-account.default\">\n\t\t\t\t<div class=\"elementor-widget-container\">\n\t\t\t\t\t<div class=\"e-my-account-tab e-my-account-tab__\">\t\t\t<div class=\"woocommerce\"><\/div>\t\t<\/div>\n\t\t\t\t\t\t<\/div>\n\t\t\t\t<\/div>\n\t\t\t\t<div class=\"elementor-element elementor-element-d8acec7 elementor-align-center elementor-widget elementor-widget-button\" data-id=\"d8acec7\" data-element_type=\"widget\" data-e-type=\"widget\" data-widget_type=\"button.default\">\n\t\t\t\t<div class=\"elementor-widget-container\">\n\t\t\t\t\t\t\t\t\t<div class=\"elementor-button-wrapper\">\n\t\t\t\t\t<a class=\"elementor-button elementor-button-link elementor-size-sm\" href=\"\/de\/pro\/\">\n\t\t\t\t\t\t<span class=\"elementor-button-content-wrapper\">\n\t\t\t\t\t\t<span class=\"elementor-button-icon\">\n\t\t\t\t<i aria-hidden=\"true\" class=\"fas fa-arrow-right\"><\/i>\t\t\t<\/span>\n\t\t\t\t\t\t\t\t\t<span class=\"elementor-button-text\">Ich bin Fachperson<\/span>\n\t\t\t\t\t<\/span>\n\t\t\t\t\t<\/a>\n\t\t\t\t<\/div>\n\t\t\t\t\t\t\t\t<\/div>\n\t\t\t\t<\/div>\n\t\t\t\t<\/div>\n\t\t\t\t<\/div>\n\t\t\t\t\t<\/div>\n\t\t\t\t<\/div>\n\t\t\t\t<\/div>","protected":false},"excerpt":{"rendered":"<p>Mon compte &nbsp; Tableau de bord Commandes T\u00e9l\u00e9chargements Adresses D\u00e9tails du compte D\u00e9connexion Bonjour saloi (vous n\u2019\u00eates pas saloi\u00a0? D\u00e9connexion) \u00c0 partir du tableau de bord de votre compte, vous pouvez visualiser vos commandes r\u00e9centes, g\u00e9rer vos adresses de livraison et de facturation ainsi que changer votre mot de passe et les d\u00e9tails de votre [&hellip;]<\/p>\n","protected":false},"author":1,"featured_media":0,"parent":0,"menu_order":0,"comment_status":"closed","ping_status":"closed","template":"elementor_header_footer","meta":{"_acf_changed":false,"footnotes":""},"class_list":["post-1831","page","type-page","status-publish","hentry"],"acf":[],"yoast_head":"<!-- This site is optimized with the Yoast SEO plugin v27.1.1 - https:\/\/yoast.com\/product\/yoast-seo-wordpress\/ -->\n<title>LOGIN - Solsius<\/title>\n<meta name=\"robots\" content=\"noindex, follow\" \/>\n<meta property=\"og:locale\" content=\"de_DE\" \/>\n<meta property=\"og:type\" content=\"article\" \/>\n<meta property=\"og:title\" content=\"LOGIN - Solsius\" \/>\n<meta property=\"og:description\" content=\"Mon compte &nbsp; Tableau de bord Commandes T\u00e9l\u00e9chargements Adresses D\u00e9tails du compte D\u00e9connexion Bonjour saloi (vous n\u2019\u00eates pas saloi\u00a0? D\u00e9connexion) \u00c0 partir du tableau de bord de votre compte, vous pouvez visualiser vos commandes r\u00e9centes, g\u00e9rer vos adresses de livraison et de facturation ainsi que changer votre mot de passe et les d\u00e9tails de votre [&hellip;]\" \/>\n<meta property=\"og:url\" content=\"https:\/\/solsius.fr\/de\/login\/\" \/>\n<meta property=\"og:site_name\" content=\"Solsius\" \/>\n<meta property=\"article:modified_time\" content=\"2026-03-21T22:28:09+00:00\" \/>\n<meta property=\"og:image\" content=\"https:\/\/solsius.fr\/wp-content\/uploads\/2025\/02\/Image.png\" \/>\n\t<meta property=\"og:image:width\" content=\"438\" \/>\n\t<meta property=\"og:image:height\" content=\"142\" \/>\n\t<meta property=\"og:image:type\" content=\"image\/png\" \/>\n<meta name=\"twitter:card\" content=\"summary_large_image\" \/>\n<meta name=\"twitter:label1\" content=\"Gesch\u00e4tzte Lesezeit\" \/>\n\t<meta name=\"twitter:data1\" content=\"1\u00a0Minute\" \/>\n<script type=\"application\/ld+json\" class=\"yoast-schema-graph\">{\"@context\":\"https:\/\/schema.org\",\"@graph\":[{\"@type\":\"WebPage\",\"@id\":\"https:\/\/solsius.fr\/login\/\",\"url\":\"https:\/\/solsius.fr\/login\/\",\"name\":\"LOGIN - Solsius\",\"isPartOf\":{\"@id\":\"https:\/\/solsius.fr\/#website\"},\"datePublished\":\"2025-09-19T13:31:23+00:00\",\"dateModified\":\"2026-03-21T22:28:09+00:00\",\"breadcrumb\":{\"@id\":\"https:\/\/solsius.fr\/login\/#breadcrumb\"},\"inLanguage\":\"de\",\"potentialAction\":[{\"@type\":\"ReadAction\",\"target\":[\"https:\/\/solsius.fr\/login\/\"]}]},{\"@type\":\"BreadcrumbList\",\"@id\":\"https:\/\/solsius.fr\/login\/#breadcrumb\",\"itemListElement\":[{\"@type\":\"ListItem\",\"position\":1,\"name\":\"Home\",\"item\":\"https:\/\/solsius.fr\/\"},{\"@type\":\"ListItem\",\"position\":2,\"name\":\"LOGIN\"}]},{\"@type\":\"WebSite\",\"@id\":\"https:\/\/solsius.fr\/#website\",\"url\":\"https:\/\/solsius.fr\/\",\"name\":\"Solsius\",\"description\":\"Solsius\",\"publisher\":{\"@id\":\"https:\/\/solsius.fr\/#organization\"},\"potentialAction\":[{\"@type\":\"SearchAction\",\"target\":{\"@type\":\"EntryPoint\",\"urlTemplate\":\"https:\/\/solsius.fr\/?s={search_term_string}\"},\"query-input\":{\"@type\":\"PropertyValueSpecification\",\"valueRequired\":true,\"valueName\":\"search_term_string\"}}],\"inLanguage\":\"de\"},{\"@type\":\"Organization\",\"@id\":\"https:\/\/solsius.fr\/#organization\",\"name\":\"Solsius\",\"url\":\"https:\/\/solsius.fr\/\",\"logo\":{\"@type\":\"ImageObject\",\"inLanguage\":\"de\",\"@id\":\"https:\/\/solsius.fr\/#\/schema\/logo\/image\/\",\"url\":\"https:\/\/solsius.fr\/wp-content\/uploads\/2025\/02\/Image.png\",\"contentUrl\":\"https:\/\/solsius.fr\/wp-content\/uploads\/2025\/02\/Image.png\",\"width\":438,\"height\":142,\"caption\":\"Solsius\"},\"image\":{\"@id\":\"https:\/\/solsius.fr\/#\/schema\/logo\/image\/\"},\"sameAs\":[\"http:\/\/www.linkedin.com\/company\/solsius\"]}]}<\/script>\n<!-- \/ Yoast SEO plugin. -->","yoast_head_json":{"title":"LOGIN - Solsius","robots":{"index":"noindex","follow":"follow"},"og_locale":"de_DE","og_type":"article","og_title":"LOGIN - Solsius","og_description":"Mon compte &nbsp; Tableau de bord Commandes T\u00e9l\u00e9chargements Adresses D\u00e9tails du compte D\u00e9connexion Bonjour saloi (vous n\u2019\u00eates pas saloi\u00a0? D\u00e9connexion) \u00c0 partir du tableau de bord de votre compte, vous pouvez visualiser vos commandes r\u00e9centes, g\u00e9rer vos adresses de livraison et de facturation ainsi que changer votre mot de passe et les d\u00e9tails de votre [&hellip;]","og_url":"https:\/\/solsius.fr\/de\/login\/","og_site_name":"Solsius","article_modified_time":"2026-03-21T22:28:09+00:00","og_image":[{"width":438,"height":142,"url":"https:\/\/solsius.fr\/wp-content\/uploads\/2025\/02\/Image.png","type":"image\/png"}],"twitter_card":"summary_large_image","twitter_misc":{"Gesch\u00e4tzte Lesezeit":"1\u00a0Minute"},"schema":{"@context":"https:\/\/schema.org","@graph":[{"@type":"WebPage","@id":"https:\/\/solsius.fr\/login\/","url":"https:\/\/solsius.fr\/login\/","name":"LOGIN - Solsius","isPartOf":{"@id":"https:\/\/solsius.fr\/#website"},"datePublished":"2025-09-19T13:31:23+00:00","dateModified":"2026-03-21T22:28:09+00:00","breadcrumb":{"@id":"https:\/\/solsius.fr\/login\/#breadcrumb"},"inLanguage":"de","potentialAction":[{"@type":"ReadAction","target":["https:\/\/solsius.fr\/login\/"]}]},{"@type":"BreadcrumbList","@id":"https:\/\/solsius.fr\/login\/#breadcrumb","itemListElement":[{"@type":"ListItem","position":1,"name":"Home","item":"https:\/\/solsius.fr\/"},{"@type":"ListItem","position":2,"name":"LOGIN"}]},{"@type":"WebSite","@id":"https:\/\/solsius.fr\/#website","url":"https:\/\/solsius.fr\/","name":"Solsius","description":"Solsius","publisher":{"@id":"https:\/\/solsius.fr\/#organization"},"potentialAction":[{"@type":"SearchAction","target":{"@type":"EntryPoint","urlTemplate":"https:\/\/solsius.fr\/?s={search_term_string}"},"query-input":{"@type":"PropertyValueSpecification","valueRequired":true,"valueName":"search_term_string"}}],"inLanguage":"de"},{"@type":"Organization","@id":"https:\/\/solsius.fr\/#organization","name":"Solsius","url":"https:\/\/solsius.fr\/","logo":{"@type":"ImageObject","inLanguage":"de","@id":"https:\/\/solsius.fr\/#\/schema\/logo\/image\/","url":"https:\/\/solsius.fr\/wp-content\/uploads\/2025\/02\/Image.png","contentUrl":"https:\/\/solsius.fr\/wp-content\/uploads\/2025\/02\/Image.png","width":438,"height":142,"caption":"Solsius"},"image":{"@id":"https:\/\/solsius.fr\/#\/schema\/logo\/image\/"},"sameAs":["http:\/\/www.linkedin.com\/company\/solsius"]}]}},"_links":{"self":[{"href":"https:\/\/solsius.fr\/de\/wp-json\/wp\/v2\/pages\/1831","targetHints":{"allow":["GET"]}}],"collection":[{"href":"https:\/\/solsius.fr\/de\/wp-json\/wp\/v2\/pages"}],"about":[{"href":"https:\/\/solsius.fr\/de\/wp-json\/wp\/v2\/types\/page"}],"author":[{"embeddable":true,"href":"https:\/\/solsius.fr\/de\/wp-json\/wp\/v2\/users\/1"}],"replies":[{"embeddable":true,"href":"https:\/\/solsius.fr\/de\/wp-json\/wp\/v2\/comments?post=1831"}],"version-history":[{"count":211,"href":"https:\/\/solsius.fr\/de\/wp-json\/wp\/v2\/pages\/1831\/revisions"}],"predecessor-version":[{"id":4024,"href":"https:\/\/solsius.fr\/de\/wp-json\/wp\/v2\/pages\/1831\/revisions\/4024"}],"wp:attachment":[{"href":"https:\/\/solsius.fr\/de\/wp-json\/wp\/v2\/media?parent=1831"}],"curies":[{"name":"wp","href":"https:\/\/api.w.org\/{rel}","templated":true}]}}