{"id":1805,"date":"2025-09-19T12:26:09","date_gmt":"2025-09-19T12:26:09","guid":{"rendered":"https:\/\/solsius.fr\/?page_id=1805"},"modified":"2026-03-21T20:53:42","modified_gmt":"2026-03-21T20:53:42","slug":"pro","status":"publish","type":"page","link":"https:\/\/solsius.fr\/de\/pro\/","title":{"rendered":"PRO"},"content":{"rendered":"\t\t<div data-elementor-type=\"wp-page\" data-elementor-id=\"1805\" class=\"elementor elementor-1805\" data-elementor-post-type=\"page\">\n\t\t\t\t<div class=\"elementor-element elementor-element-f73657f e-flex e-con-boxed e-con e-parent\" data-id=\"f73657f\" data-element_type=\"container\" data-e-type=\"container\">\n\t\t\t\t\t<div class=\"e-con-inner\">\n\t\t<div class=\"elementor-element elementor-element-de4537c e-con-full e-flex e-con e-child\" data-id=\"de4537c\" data-element_type=\"container\" data-e-type=\"container\">\n\t\t<div class=\"elementor-element elementor-element-ae77ac1 e-con-full e-flex e-con e-child\" data-id=\"ae77ac1\" data-element_type=\"container\" data-e-type=\"container\" data-settings=\"{&quot;background_background&quot;:&quot;classic&quot;}\">\n\t\t\t\t<div class=\"elementor-element elementor-element-ecfd122 elementor-widget elementor-widget-heading\" data-id=\"ecfd122\" data-element_type=\"widget\" data-e-type=\"widget\" data-widget_type=\"heading.default\">\n\t\t\t\t<div class=\"elementor-widget-container\">\n\t\t\t\t\t<h1 class=\"elementor-heading-title elementor-size-default\">Devenez partenaire<\/h1>\t\t\t\t<\/div>\n\t\t\t\t<\/div>\n\t\t\t\t<div class=\"elementor-element elementor-element-0851f61 elementor-widget elementor-widget-text-editor\" data-id=\"0851f61\" data-element_type=\"widget\" data-e-type=\"widget\" data-widget_type=\"text-editor.default\">\n\t\t\t\t<div class=\"elementor-widget-container\">\n\t\t\t\t\t\t\t\t\t<p>Rejoignez notre espace professionnel et b\u00e9n\u00e9ficiez de tarifs pr\u00e9f\u00e9rentiels, d\u2019offres exclusives et d\u2019un accompagnement personnalis\u00e9.<\/p><p data-start=\"476\" data-end=\"497\"><strong data-start=\"476\" data-end=\"495\">Avantages Pro :<\/strong><\/p><ul data-start=\"498\" data-end=\"604\"><li data-start=\"498\" data-end=\"545\"><p data-start=\"500\" data-end=\"545\">Prix avantageux sur l\u2019ensemble du catalogue<\/p><\/li><li data-start=\"546\" data-end=\"585\"><p data-start=\"548\" data-end=\"585\">Offres r\u00e9serv\u00e9es aux professionnels<\/p><\/li><li data-start=\"586\" data-end=\"604\"><p data-start=\"588\" data-end=\"604\">Un suivi d\u00e9di\u00e9<\/p><\/li><\/ul><p><em>Une fois votre demande envoy\u00e9e, notre \u00e9quipe la v\u00e9rifiera et reviendra rapidement vers vous afin de valider votre compte professionnel et vous donner acc\u00e8s \u00e0 nos tarifs pr\u00e9f\u00e9rentiels.<\/em><\/p>\t\t\t\t\t\t\t\t<\/div>\n\t\t\t\t<\/div>\n\t\t\t\t<\/div>\n\t\t<div class=\"elementor-element elementor-element-7ae6671 e-con-full e-flex e-con e-child\" data-id=\"7ae6671\" data-element_type=\"container\" data-e-type=\"container\" data-settings=\"{&quot;background_background&quot;:&quot;classic&quot;}\">\n\t\t\t\t<div class=\"elementor-element elementor-element-6098eb5 elementor-button-align-center elementor-widget elementor-widget-form\" data-id=\"6098eb5\" data-element_type=\"widget\" data-e-type=\"widget\" data-settings=\"{&quot;step_next_label&quot;:&quot;Next&quot;,&quot;step_previous_label&quot;:&quot;Previous&quot;,&quot;button_width&quot;:&quot;100&quot;,&quot;step_type&quot;:&quot;number_text&quot;,&quot;step_icon_shape&quot;:&quot;circle&quot;}\" data-widget_type=\"form.default\">\n\t\t\t\t<div class=\"elementor-widget-container\">\n\t\t\t\t\t\t\t<form class=\"elementor-form\" method=\"post\" name=\"Contact Form\" aria-label=\"Contact Form\">\n\t\t\t<input type=\"hidden\" name=\"post_id\" value=\"1805\"\/>\n\t\t\t<input type=\"hidden\" name=\"form_id\" value=\"6098eb5\"\/>\n\t\t\t<input type=\"hidden\" name=\"referer_title\" value=\"Solsius\" \/>\n\n\t\t\t\n\t\t\t<div class=\"elementor-form-fields-wrapper elementor-labels-above\">\n\t\t\t\t\t\t\t\t<div class=\"elementor-field-type-text elementor-field-group elementor-column elementor-field-group-name elementor-col-100 elementor-field-required\">\n\t\t\t\t\t\t\t\t\t\t\t\t<label for=\"form-field-name\" class=\"elementor-field-label\">\n\t\t\t\t\t\t\t\tNom*\t\t\t\t\t\t\t<\/label>\n\t\t\t\t\t\t\t\t\t\t\t\t\t\t<input size=\"1\" type=\"text\" name=\"form_fields[name]\" id=\"form-field-name\" class=\"elementor-field elementor-size-sm  elementor-field-textual\" required=\"required\">\n\t\t\t\t\t\t\t\t\t\t\t<\/div>\n\t\t\t\t\t\t\t\t<div class=\"elementor-field-type-select elementor-field-group elementor-column elementor-field-group-field_0861b56 elementor-col-100 elementor-field-required\">\n\t\t\t\t\t\t\t\t\t\t\t\t<label for=\"form-field-field_0861b56\" class=\"elementor-field-label\">\n\t\t\t\t\t\t\t\tDomaine d'activit\u00e9*\t\t\t\t\t\t\t<\/label>\n\t\t\t\t\t\t\t\t<div class=\"elementor-field elementor-select-wrapper remove-before \">\n\t\t\t<div class=\"select-caret-down-wrapper\">\n\t\t\t\t<i aria-hidden=\"true\" class=\"eicon-caret-down\"><\/i>\t\t\t<\/div>\n\t\t\t<select name=\"form_fields[field_0861b56]\" id=\"form-field-field_0861b56\" class=\"elementor-field-textual elementor-size-sm\" required=\"required\">\n\t\t\t\t\t\t\t\t\t<option value=\"S\u00e9lectionnez votre domaine d\u2019activit\u00e9\">S\u00e9lectionnez votre domaine d\u2019activit\u00e9<\/option>\n\t\t\t\t\t\t\t\t\t<option value=\"Chercheur\">Chercheur<\/option>\n\t\t\t\t\t\t\t\t\t<option value=\"Diab\u00e9tologue\">Diab\u00e9tologue<\/option>\n\t\t\t\t\t\t\t\t\t<option value=\"Distributeur\">Distributeur<\/option>\n\t\t\t\t\t\t\t\t\t<option value=\"Ing\u00e9nierie m\u00e9dicale \">Ing\u00e9nierie m\u00e9dicale <\/option>\n\t\t\t\t\t\t\t\t\t<option value=\"Podologue \">Podologue <\/option>\n\t\t\t\t\t\t\t\t\t<option value=\"Sp\u00e9cialiste\">Sp\u00e9cialiste<\/option>\n\t\t\t\t\t\t\t\t\t<option value=\"Autre\">Autre<\/option>\n\t\t\t\t\t\t\t<\/select>\n\t\t<\/div>\n\t\t\t\t\t\t<\/div>\n\t\t\t\t\t\t\t\t<div class=\"elementor-field-type-email elementor-field-group elementor-column elementor-field-group-email elementor-col-100 elementor-field-required\">\n\t\t\t\t\t\t\t\t\t\t\t\t<label for=\"form-field-email\" class=\"elementor-field-label\">\n\t\t\t\t\t\t\t\tEmail*\t\t\t\t\t\t\t<\/label>\n\t\t\t\t\t\t\t\t\t\t\t\t\t\t<input size=\"1\" type=\"email\" name=\"form_fields[email]\" id=\"form-field-email\" class=\"elementor-field elementor-size-sm  elementor-field-textual\" required=\"required\">\n\t\t\t\t\t\t\t\t\t\t\t<\/div>\n\t\t\t\t\t\t\t\t<div class=\"elementor-field-type-tel elementor-field-group elementor-column elementor-field-group-field_b743cd7 elementor-col-100 elementor-field-required\">\n\t\t\t\t\t\t\t\t\t\t\t\t<label for=\"form-field-field_b743cd7\" class=\"elementor-field-label\">\n\t\t\t\t\t\t\t\tT\u00e9l\u00e9phone*\t\t\t\t\t\t\t<\/label>\n\t\t\t\t\t\t\t\t<input size=\"1\" type=\"tel\" name=\"form_fields[field_b743cd7]\" id=\"form-field-field_b743cd7\" class=\"elementor-field elementor-size-sm  elementor-field-textual\" required=\"required\" pattern=\"[0-9()#&amp;+*-=.]+\" title=\"Nur Nummern oder Telefon-Zeichen (#, -, *, etc) werden akzeptiert.\">\n\n\t\t\t\t\t\t<\/div>\n\t\t\t\t\t\t\t\t<div class=\"elementor-field-type-textarea elementor-field-group elementor-column elementor-field-group-message elementor-col-100 elementor-field-required\">\n\t\t\t\t\t\t\t\t\t\t\t\t<label for=\"form-field-message\" class=\"elementor-field-label\">\n\t\t\t\t\t\t\t\tMessage*\t\t\t\t\t\t\t<\/label>\n\t\t\t\t\t\t<textarea class=\"elementor-field-textual elementor-field  elementor-size-sm\" name=\"form_fields[message]\" id=\"form-field-message\" rows=\"3\" required=\"required\"><\/textarea>\t\t\t\t<\/div>\n\t\t\t\t\t\t\t\t<div class=\"elementor-field-type-text\">\n\t\t\t\t\t<input size=\"1\" type=\"text\" name=\"form_fields[field_b44d00c]\" id=\"form-field-field_b44d00c\" class=\"elementor-field elementor-size-sm \" style=\"display:none !important;\">\t\t\t\t<\/div>\n\t\t\t\t\t\t\t\t<div class=\"elementor-field-type-recaptcha elementor-field-group elementor-column elementor-field-group-field_53004e9 elementor-col-100\">\n\t\t\t\t\t<div class=\"elementor-field\" id=\"form-field-field_53004e9\"><div class=\"elementor-g-recaptcha\" data-sitekey=\"6LdEqOwqAAAAACYs_SXxuKHssSJSwe-1PBmnjWF5\" data-type=\"v2_checkbox\" data-theme=\"light\" data-size=\"normal\"><\/div><\/div>\t\t\t\t<\/div>\n\t\t\t\t\t\t\t\t<div class=\"elementor-field-group elementor-column elementor-field-type-submit elementor-col-100 e-form__buttons\">\n\t\t\t\t\t<button class=\"elementor-button elementor-size-md\" type=\"submit\">\n\t\t\t\t\t\t<span class=\"elementor-button-content-wrapper\">\n\t\t\t\t\t\t\t\t\t\t\t\t\t\t\t\t\t\t\t\t\t\t<span class=\"elementor-button-text\">Envoyer<\/span>\n\t\t\t\t\t\t\t\t\t\t\t\t\t<\/span>\n\t\t\t\t\t<\/button>\n\t\t\t\t<\/div>\n\t\t\t<\/div>\n\t\t<\/form>\n\t\t\t\t\t\t<\/div>\n\t\t\t\t<\/div>\n\t\t\t\t<\/div>\n\t\t\t\t<\/div>\n\t\t\t\t\t<\/div>\n\t\t\t\t<\/div>\n\t\t\t\t<\/div>\n\t\t","protected":false},"excerpt":{"rendered":"<p>Devenez partenaire Rejoignez notre espace professionnel et b\u00e9n\u00e9ficiez de tarifs pr\u00e9f\u00e9rentiels, d\u2019offres exclusives et d\u2019un accompagnement personnalis\u00e9. Avantages Pro : Prix avantageux sur l\u2019ensemble du catalogue Offres r\u00e9serv\u00e9es aux professionnels Un suivi d\u00e9di\u00e9 Une fois votre demande envoy\u00e9e, notre \u00e9quipe la v\u00e9rifiera et reviendra rapidement vers vous afin de valider votre compte professionnel et vous [&hellip;]<\/p>\n","protected":false},"author":1,"featured_media":0,"parent":0,"menu_order":0,"comment_status":"closed","ping_status":"closed","template":"elementor_header_footer","meta":{"_acf_changed":false,"footnotes":""},"class_list":["post-1805","page","type-page","status-publish","hentry"],"acf":[],"yoast_head":"<!-- This site is optimized with the Yoast SEO plugin v27.1.1 - https:\/\/yoast.com\/product\/yoast-seo-wordpress\/ -->\n<title>PRO - Solsius<\/title>\n<meta name=\"robots\" content=\"index, follow, max-snippet:-1, max-image-preview:large, max-video-preview:-1\" \/>\n<link rel=\"canonical\" href=\"https:\/\/solsius.fr\/de\/pro\/\" \/>\n<meta property=\"og:locale\" content=\"de_DE\" \/>\n<meta property=\"og:type\" content=\"article\" \/>\n<meta property=\"og:title\" content=\"PRO - Solsius\" \/>\n<meta property=\"og:description\" content=\"Devenez partenaire Rejoignez notre espace professionnel et b\u00e9n\u00e9ficiez de tarifs pr\u00e9f\u00e9rentiels, d\u2019offres exclusives et d\u2019un accompagnement personnalis\u00e9. Avantages Pro : Prix avantageux sur l\u2019ensemble du catalogue Offres r\u00e9serv\u00e9es aux professionnels Un suivi d\u00e9di\u00e9 Une fois votre demande envoy\u00e9e, notre \u00e9quipe la v\u00e9rifiera et reviendra rapidement vers vous afin de valider votre compte professionnel et vous [&hellip;]\" \/>\n<meta property=\"og:url\" content=\"https:\/\/solsius.fr\/de\/pro\/\" \/>\n<meta property=\"og:site_name\" content=\"Solsius\" \/>\n<meta property=\"article:modified_time\" content=\"2026-03-21T20:53:42+00:00\" \/>\n<meta property=\"og:image\" content=\"https:\/\/solsius.fr\/wp-content\/uploads\/2025\/02\/Image.png\" \/>\n\t<meta property=\"og:image:width\" content=\"438\" \/>\n\t<meta property=\"og:image:height\" content=\"142\" \/>\n\t<meta property=\"og:image:type\" content=\"image\/png\" \/>\n<meta name=\"twitter:card\" content=\"summary_large_image\" \/>\n<meta name=\"twitter:label1\" content=\"Gesch\u00e4tzte Lesezeit\" \/>\n\t<meta name=\"twitter:data1\" content=\"1\u00a0Minute\" \/>\n<script type=\"application\/ld+json\" class=\"yoast-schema-graph\">{\"@context\":\"https:\/\/schema.org\",\"@graph\":[{\"@type\":\"WebPage\",\"@id\":\"https:\/\/solsius.fr\/pro\/\",\"url\":\"https:\/\/solsius.fr\/pro\/\",\"name\":\"PRO - Solsius\",\"isPartOf\":{\"@id\":\"https:\/\/solsius.fr\/#website\"},\"datePublished\":\"2025-09-19T12:26:09+00:00\",\"dateModified\":\"2026-03-21T20:53:42+00:00\",\"breadcrumb\":{\"@id\":\"https:\/\/solsius.fr\/pro\/#breadcrumb\"},\"inLanguage\":\"de\",\"potentialAction\":[{\"@type\":\"ReadAction\",\"target\":[\"https:\/\/solsius.fr\/pro\/\"]}]},{\"@type\":\"BreadcrumbList\",\"@id\":\"https:\/\/solsius.fr\/pro\/#breadcrumb\",\"itemListElement\":[{\"@type\":\"ListItem\",\"position\":1,\"name\":\"Home\",\"item\":\"https:\/\/solsius.fr\/\"},{\"@type\":\"ListItem\",\"position\":2,\"name\":\"PRO\"}]},{\"@type\":\"WebSite\",\"@id\":\"https:\/\/solsius.fr\/#website\",\"url\":\"https:\/\/solsius.fr\/\",\"name\":\"Solsius\",\"description\":\"Solsius\",\"publisher\":{\"@id\":\"https:\/\/solsius.fr\/#organization\"},\"potentialAction\":[{\"@type\":\"SearchAction\",\"target\":{\"@type\":\"EntryPoint\",\"urlTemplate\":\"https:\/\/solsius.fr\/?s={search_term_string}\"},\"query-input\":{\"@type\":\"PropertyValueSpecification\",\"valueRequired\":true,\"valueName\":\"search_term_string\"}}],\"inLanguage\":\"de\"},{\"@type\":\"Organization\",\"@id\":\"https:\/\/solsius.fr\/#organization\",\"name\":\"Solsius\",\"url\":\"https:\/\/solsius.fr\/\",\"logo\":{\"@type\":\"ImageObject\",\"inLanguage\":\"de\",\"@id\":\"https:\/\/solsius.fr\/#\/schema\/logo\/image\/\",\"url\":\"https:\/\/solsius.fr\/wp-content\/uploads\/2025\/02\/Image.png\",\"contentUrl\":\"https:\/\/solsius.fr\/wp-content\/uploads\/2025\/02\/Image.png\",\"width\":438,\"height\":142,\"caption\":\"Solsius\"},\"image\":{\"@id\":\"https:\/\/solsius.fr\/#\/schema\/logo\/image\/\"},\"sameAs\":[\"http:\/\/www.linkedin.com\/company\/solsius\"]}]}<\/script>\n<!-- \/ Yoast SEO plugin. -->","yoast_head_json":{"title":"PRO - Solsius","robots":{"index":"index","follow":"follow","max-snippet":"max-snippet:-1","max-image-preview":"max-image-preview:large","max-video-preview":"max-video-preview:-1"},"canonical":"https:\/\/solsius.fr\/de\/pro\/","og_locale":"de_DE","og_type":"article","og_title":"PRO - Solsius","og_description":"Devenez partenaire Rejoignez notre espace professionnel et b\u00e9n\u00e9ficiez de tarifs pr\u00e9f\u00e9rentiels, d\u2019offres exclusives et d\u2019un accompagnement personnalis\u00e9. Avantages Pro : Prix avantageux sur l\u2019ensemble du catalogue Offres r\u00e9serv\u00e9es aux professionnels Un suivi d\u00e9di\u00e9 Une fois votre demande envoy\u00e9e, notre \u00e9quipe la v\u00e9rifiera et reviendra rapidement vers vous afin de valider votre compte professionnel et vous [&hellip;]","og_url":"https:\/\/solsius.fr\/de\/pro\/","og_site_name":"Solsius","article_modified_time":"2026-03-21T20:53:42+00:00","og_image":[{"width":438,"height":142,"url":"https:\/\/solsius.fr\/wp-content\/uploads\/2025\/02\/Image.png","type":"image\/png"}],"twitter_card":"summary_large_image","twitter_misc":{"Gesch\u00e4tzte Lesezeit":"1\u00a0Minute"},"schema":{"@context":"https:\/\/schema.org","@graph":[{"@type":"WebPage","@id":"https:\/\/solsius.fr\/pro\/","url":"https:\/\/solsius.fr\/pro\/","name":"PRO - Solsius","isPartOf":{"@id":"https:\/\/solsius.fr\/#website"},"datePublished":"2025-09-19T12:26:09+00:00","dateModified":"2026-03-21T20:53:42+00:00","breadcrumb":{"@id":"https:\/\/solsius.fr\/pro\/#breadcrumb"},"inLanguage":"de","potentialAction":[{"@type":"ReadAction","target":["https:\/\/solsius.fr\/pro\/"]}]},{"@type":"BreadcrumbList","@id":"https:\/\/solsius.fr\/pro\/#breadcrumb","itemListElement":[{"@type":"ListItem","position":1,"name":"Home","item":"https:\/\/solsius.fr\/"},{"@type":"ListItem","position":2,"name":"PRO"}]},{"@type":"WebSite","@id":"https:\/\/solsius.fr\/#website","url":"https:\/\/solsius.fr\/","name":"Solsius","description":"Solsius","publisher":{"@id":"https:\/\/solsius.fr\/#organization"},"potentialAction":[{"@type":"SearchAction","target":{"@type":"EntryPoint","urlTemplate":"https:\/\/solsius.fr\/?s={search_term_string}"},"query-input":{"@type":"PropertyValueSpecification","valueRequired":true,"valueName":"search_term_string"}}],"inLanguage":"de"},{"@type":"Organization","@id":"https:\/\/solsius.fr\/#organization","name":"Solsius","url":"https:\/\/solsius.fr\/","logo":{"@type":"ImageObject","inLanguage":"de","@id":"https:\/\/solsius.fr\/#\/schema\/logo\/image\/","url":"https:\/\/solsius.fr\/wp-content\/uploads\/2025\/02\/Image.png","contentUrl":"https:\/\/solsius.fr\/wp-content\/uploads\/2025\/02\/Image.png","width":438,"height":142,"caption":"Solsius"},"image":{"@id":"https:\/\/solsius.fr\/#\/schema\/logo\/image\/"},"sameAs":["http:\/\/www.linkedin.com\/company\/solsius"]}]}},"_links":{"self":[{"href":"https:\/\/solsius.fr\/de\/wp-json\/wp\/v2\/pages\/1805","targetHints":{"allow":["GET"]}}],"collection":[{"href":"https:\/\/solsius.fr\/de\/wp-json\/wp\/v2\/pages"}],"about":[{"href":"https:\/\/solsius.fr\/de\/wp-json\/wp\/v2\/types\/page"}],"author":[{"embeddable":true,"href":"https:\/\/solsius.fr\/de\/wp-json\/wp\/v2\/users\/1"}],"replies":[{"embeddable":true,"href":"https:\/\/solsius.fr\/de\/wp-json\/wp\/v2\/comments?post=1805"}],"version-history":[{"count":22,"href":"https:\/\/solsius.fr\/de\/wp-json\/wp\/v2\/pages\/1805\/revisions"}],"predecessor-version":[{"id":3983,"href":"https:\/\/solsius.fr\/de\/wp-json\/wp\/v2\/pages\/1805\/revisions\/3983"}],"wp:attachment":[{"href":"https:\/\/solsius.fr\/de\/wp-json\/wp\/v2\/media?parent=1805"}],"curies":[{"name":"wp","href":"https:\/\/api.w.org\/{rel}","templated":true}]}}